{"id":345,"date":"2025-11-26T11:01:59","date_gmt":"2025-11-26T08:01:59","guid":{"rendered":"https:\/\/travistravel.com\/kvkk-visitor-information-notice\/"},"modified":"2025-12-26T15:44:27","modified_gmt":"2025-12-26T12:44:27","slug":"kvkk-visitor-information-notice","status":"publish","type":"page","link":"https:\/\/travistravel.com\/en\/kvkk-visitor-information-notice\/","title":{"rendered":"KVKK Visitor Information Notice"},"content":{"rendered":"\t\t<div data-elementor-type=\"wp-page\" data-elementor-id=\"345\" class=\"elementor elementor-345 elementor-252\" data-elementor-post-type=\"page\">\n\t\t\t\t<div class=\"elementor-element elementor-element-5132e32 e-flex e-con-boxed e-con e-parent\" data-id=\"5132e32\" data-element_type=\"container\" data-settings=\"{&quot;jet_parallax_layout_list&quot;:[]}\">\n\t\t\t\t\t<div class=\"e-con-inner\">\n\t\t\t\t<div class=\"elementor-element elementor-element-bc95c37 elementor-widget elementor-widget-heading\" data-id=\"bc95c37\" data-element_type=\"widget\" data-widget_type=\"heading.default\">\n\t\t\t\t\t<h2 class=\"elementor-heading-title elementor-size-default\">KVKK Visitor Information Notice<\/h2>\t\t\t\t<\/div>\n\t\t\t\t<div class=\"elementor-element elementor-element-9db3bf8 elementor-widget elementor-widget-text-editor\" data-id=\"9db3bf8\" data-element_type=\"widget\" data-widget_type=\"text-editor.default\">\n\t\t\t\t\t\t\t\t\t<div class=\"vc_row wpb_row vc_row-fluid\"><div class=\"wpb_column vc_column_container vc_col-sm-12\"><div class=\"vc_column-inner\"><div class=\"wpb_wrapper\"><section class=\"why-us\"><div class=\"auto-container\"><div class=\"row clearfix\"><div class=\"text-content\"><div class=\"title-box\"><h3>Visitor Information Notice Regarding the Personal Data Protection Law<\/h3><p class=\"theme-color\">Under the Personal Data Protection Law No. 6698 (\u201cKVKK\u201d), <a style=\"font-family: -apple-system, BlinkMacSystemFont, 'Segoe UI', Roboto, 'Helvetica Neue', Arial, 'Noto Sans', sans-serif, 'Apple Color Emoji', 'Segoe UI Emoji', 'Segoe UI Symbol', 'Noto Color Emoji';\">Ekol Otomotiv Petrol Nakliyat San ve Tic. A.\u015e<\/a>. acts as the \u201c<span style=\"font-family: -apple-system, BlinkMacSystemFont, 'Segoe UI', Roboto, 'Helvetica Neue', Arial, 'Noto Sans', sans-serif, 'Apple Color Emoji', 'Segoe UI Emoji', 'Segoe UI Symbol', 'Noto Color Emoji';\">Data Controller.<\/span>\u201d<\/p><\/div><\/div><\/div><\/div><\/section><\/div><\/div><\/div><\/div><div class=\"vc_row wpb_row vc_row-fluid\"><div class=\"wpb_column vc_column_container vc_col-sm-12\"><div class=\"vc_column-inner\"><div class=\"wpb_wrapper\"><div class=\"wpb_raw_code wpb_content_element wpb_raw_html auto-container\"><div class=\"wpb_wrapper\"><p>As the data controller, our Company mentioned above will process your personal data obtained in the ways specified below, within the framework of the conditions set forth in the legislation, in accordance with the purpose requiring such processing and in a manner that is relevant, limited, and proportionate to that purpose, either directly with you or with the legal entity you represent within the scope of our commercial activities or within the framework of our service relationship with you. We hereby expressly inform you that your personal data will be protected, recorded, stored, preserved, reorganized, shared with institutions authorized by law to request your personal data, and transferred to third parties within or outside the country under the conditions stipulated by the Law, assigned, classified, and processed in other ways listed in the Law.<\/p><ol type=\"1\"><li><strong>Method, Purpose, and Reasons for Obtaining Personal Data<\/strong><\/li><\/ol><p>If you are a visitor whose personal data we have obtained and processed, the personal data we have obtained and processed is as follows:<\/p><p><strong>Visitor visual data<\/strong>; Closed-circuit security camera footage<\/p><p><strong>Other visitor data;<\/strong> Visitor entry\/exit records<\/p><p>When you visit our Company, we collect your visual data and requested personal data through the cameras we have installed at the Company, in accordance with the Company&#8217;s legal obligation and legitimate interest to ensure workplace safety, by means of you providing this data to us verbally or in physical form.<\/p><p>Your personal data, obtained by us in accordance with the law, is processed by the Company for the purposes and reasons specified below, within the scope of the Company&#8217;s legitimate interests and without infringing on your rights:<\/p><ul><li>Tracking visitors<\/li><\/ul><p>Your personal data will be retained for the maximum period specified in the relevant legislation or necessary for the purpose for which it is processed, and in any case for the statutory limitation periods. The retention period may vary depending on the categories of personal data and the purposes of processing. You can contact us for detailed information about the retention period and destruction of your personal data.<\/p><ul><li><strong>Your Rights Regarding the Protection of Personal Data<\/strong><\/li><\/ul><p>Article 11 of the KVK Law In accordance with the relevant article, you may submit requests regarding the following matters concerning your personal data by contacting our Company:<\/p><ol type=\"a\"><li>Learning whether your personal data is being processed,<\/li><li>Requesting information regarding the processing of personal data,<\/li><li>Learning the purpose for which your personal data is processed and whether it is being used for that purpose,<\/li><li>Learning about third parties to whom your personal data is transferred within or outside the country,<\/li><li>The right to request the correction of personal data that has been processed inaccurately or incompletely, and to request that the third parties to whom the personal data has been transferred be notified of this action.<\/li><li>The right to request the deletion, destruction, or anonymization of personal data when the reasons for processing them no longer exist, and to request that this action be communicated to third parties to whom the personal data has been transferred,<\/li><li>Objecting to a result detrimental to the data subject arising from the analysis of their processed data exclusively through automated systems,<\/li><li>Requesting compensation for damages incurred due to the unlawful processing of personal data.<\/li><\/ol><p>Visitors may submit their applications and requests covered by the law by filling out the \u201cApplication Form in accordance with the Personal Data Protection Law\u201d available at the web address \u201chttps:\/\/www.travistravel.com\/\u201d;<\/p><p>\u2022 You can deliver it in person to G\u00fczeltepe Neighborhood, Z\u00fcbeyde Han\u0131m Street No: 43\/A, \u00dcsk\u00fcdar, Istanbul, or send it via a notary public.<\/p><p>\u2022 You may send your request to <a href=\"mailto:ekolotomotiv@hs01.kep.tr\">ekolotomotiv@hs01.kep.tr <\/a>using a secure electronic signature or mobile signature, via registered electronic mail (KEP), or by using the email address previously notified to the data controller by the relevant person and registered in the data controller&#8217;s system.<\/p><p>\u2022 Ekol Filo application requests pursuant to Article 13 of the Law. in accordance with its provisions, will resolve the request free of charge within 30 (thirty) days at the latest, depending on the nature of the request. If the request is denied, the reason(s) for denial shall be communicated in writing or electronically, along with the grounds for denial.<\/p><p>This Disclosure Statement may be revised by our Company when deemed necessary. In cases where a revision is involved, you will be informed accordingly. You can access the most recent version of the Privacy Notice online at [https:\/\/www .travistravel.com \/]<\/p><p><strong>Visitor&#8217;s First and Last Name:<\/strong><\/p><p><strong>Date:<\/strong><\/p><p><strong>Signature:<\/strong><\/p><\/div><\/div><\/div><\/div><\/div><\/div>\t\t\t\t\t\t\t\t<\/div>\n\t\t\t\t\t<\/div>\n\t\t\t\t<\/div>\n\t\t\t\t<\/div>\n\t\t","protected":false},"excerpt":{"rendered":"<p>Visitor Information Notice Regarding the Personal Data Protection Law Under the Personal Data Protection Law No. 6698 (\u201cKVKK\u201d), Ekol Otomotiv Petrol Nakliyat San ve Tic. A.\u015e. acts as the \u201cData Controller.\u201d As the data controller, our Company mentioned above will process your personal data obtained in the ways specified below, within the framework of the [&hellip;]<\/p>\n","protected":false},"author":1,"featured_media":0,"parent":0,"menu_order":0,"comment_status":"closed","ping_status":"closed","template":"elementor_header_footer","meta":{"footnotes":""},"class_list":["post-345","page","type-page","status-publish","hentry"],"_links":{"self":[{"href":"https:\/\/travistravel.com\/en\/wp-json\/wp\/v2\/pages\/345","targetHints":{"allow":["GET"]}}],"collection":[{"href":"https:\/\/travistravel.com\/en\/wp-json\/wp\/v2\/pages"}],"about":[{"href":"https:\/\/travistravel.com\/en\/wp-json\/wp\/v2\/types\/page"}],"author":[{"embeddable":true,"href":"https:\/\/travistravel.com\/en\/wp-json\/wp\/v2\/users\/1"}],"replies":[{"embeddable":true,"href":"https:\/\/travistravel.com\/en\/wp-json\/wp\/v2\/comments?post=345"}],"version-history":[{"count":0,"href":"https:\/\/travistravel.com\/en\/wp-json\/wp\/v2\/pages\/345\/revisions"}],"wp:attachment":[{"href":"https:\/\/travistravel.com\/en\/wp-json\/wp\/v2\/media?parent=345"}],"curies":[{"name":"wp","href":"https:\/\/api.w.org\/{rel}","templated":true}]}}